{"id":1893,"date":"2023-07-04T16:40:31","date_gmt":"2023-07-04T14:40:31","guid":{"rendered":"https:\/\/www.renfic.com\/il-nostro-percorso\/"},"modified":"2024-09-20T18:17:46","modified_gmt":"2024-09-20T16:17:46","slug":"unser-weg","status":"publish","type":"page","link":"https:\/\/www.renfic.com\/de\/unser-weg\/","title":{"rendered":"Unser Weg"},"content":{"rendered":"\t\t<div data-elementor-type=\"wp-page\" data-elementor-id=\"1893\" class=\"elementor elementor-1893 elementor-256\">\n\t\t\t\t\t\t<section class=\"elementor-section elementor-top-section elementor-element elementor-element-7f0302b0 cspt-bg-color-yes cspt-elementor-bg-color-white cspt-col-stretched-none cspt-bg-color-over-image elementor-section-boxed elementor-section-height-default elementor-section-height-default\" data-id=\"7f0302b0\" data-element_type=\"section\" data-e-type=\"section\">\n\t\t\t\t\t\t<div class=\"elementor-container elementor-column-gap-no\">\n\t\t\t\t\t<div class=\"elementor-column elementor-col-100 elementor-top-column elementor-element elementor-element-161808d8 cspt-bg-color-over-image\" data-id=\"161808d8\" data-element_type=\"column\" data-e-type=\"column\">\n\t\t\t<div class=\"elementor-widget-wrap elementor-element-populated\">\n\t\t\t\t\t\t<div class=\"elementor-element elementor-element-5d81ec8 cspt-align-center elementor-widget elementor-widget-cspt_heading\" data-id=\"5d81ec8\" data-element_type=\"widget\" data-e-type=\"widget\" data-widget_type=\"cspt_heading.default\">\n\t\t\t\t<div class=\"elementor-widget-container\">\n\t\t\t\t\t\t<div class=\"cspt-heading-subheading center-align cspt-reverse-heading-yes\"><div class=\"cspt-heading-desc\">RENFIC wurde 2008 urspr\u00fcnglich unter dem Namen Solar Barocco gegr\u00fcndet und begann mit der Entwicklung von mehreren 1-MWp-Solar-Photovoltaikprojekten in Italien f\u00fcr internationale Kunden wie AEG Power Solutions.<br>\nBald darauf, im Jahr 2010\/11, haben wir mit der Gr\u00fcndung von Renfic Ltd. ein B\u00fcro in London (Gro\u00dfbritannien) er\u00f6ffnet, womit wir ein Portfolio von 60 MWp an Solar-, Wind- und Kleinwasserkraft-projekten mitentwickelt haben und gleichzeitig Kooperationen auf anderen ausl\u00e4ndischen M\u00e4rkten, wie Rum\u00e4nien und Senegal eingingen.<br>\nIm Jahr 2016 haben wir uns ausgeweitet auf internationale M\u00e4rkte in ganz Europa, dem Nahen Osten und in Afrika und dabei mehrere GW an Projekten in M\u00e4rkten wie S\u00fcdafrika, den Vereinigten Arabischen Emiraten, Angola, Indien, Italien usw. entwickelt und durchgef\u00fchrt, in Zusammenarbeit mit \/ bzw. f\u00fcr mehrere Kunden und Partner, darunter Independent Power Producers, EPC-Kontraktoren, Projektentwicklern, Banken und Regierungsbeh\u00f6rden.\n<\/div><\/div>\t\t\t\t<\/div>\n\t\t\t\t<\/div>\n\t\t\t\t\t<\/div>\n\t\t<\/div>\n\t\t\t\t\t<\/div>\n\t\t<\/section>\n\t\t\t\t<section class=\"elementor-section elementor-top-section elementor-element elementor-element-108f27d9 elementor-section-content-top elementor-section-stretched cspt-col-stretched-none cspt-bg-color-over-image elementor-section-boxed elementor-section-height-default elementor-section-height-default\" data-id=\"108f27d9\" data-element_type=\"section\" data-e-type=\"section\" data-settings=\"{&quot;stretch_section&quot;:&quot;section-stretched&quot;,&quot;background_background&quot;:&quot;classic&quot;}\">\n\t\t\t\t\t\t<div class=\"elementor-container elementor-column-gap-default\">\n\t\t\t\t\t<div class=\"elementor-column elementor-col-33 elementor-top-column elementor-element elementor-element-74be92a cspt-bg-color-yes cspt-elementor-bg-color-light cspt-bg-color-over-image\" data-id=\"74be92a\" data-element_type=\"column\" data-e-type=\"column\" data-settings=\"{&quot;background_background&quot;:&quot;classic&quot;}\">\n\t\t\t<div class=\"elementor-widget-wrap elementor-element-populated\">\n\t\t\t\t\t\t<div class=\"elementor-element elementor-element-84fbaa1 elementor-widget elementor-widget-image\" data-id=\"84fbaa1\" data-element_type=\"widget\" data-e-type=\"widget\" data-widget_type=\"image.default\">\n\t\t\t\t<div class=\"elementor-widget-container\">\n\t\t\t\t\t\t\t\t\t\t\t\t\t\t\t\t<a href=\"\/de\/vision\">\n\t\t\t\t\t\t\t<img fetchpriority=\"high\" decoding=\"async\" width=\"847\" height=\"565\" src=\"https:\/\/www.renfic.com\/wp-content\/uploads\/2023\/07\/gallery-8-1024x683.jpeg\" class=\"attachment-large size-large wp-image-587\" alt=\"\" srcset=\"https:\/\/www.renfic.com\/wp-content\/uploads\/2023\/07\/gallery-8-1024x683.jpeg 1024w, https:\/\/www.renfic.com\/wp-content\/uploads\/2023\/07\/gallery-8-300x200.jpeg 300w, https:\/\/www.renfic.com\/wp-content\/uploads\/2023\/07\/gallery-8-768x512.jpeg 768w, https:\/\/www.renfic.com\/wp-content\/uploads\/2023\/07\/gallery-8-770x513.jpeg 770w, https:\/\/www.renfic.com\/wp-content\/uploads\/2023\/07\/gallery-8.jpeg 1200w\" sizes=\"(max-width: 847px) 100vw, 847px\" data-id=\"587\" \/>\t\t\t\t\t\t\t\t<\/a>\n\t\t\t\t\t\t\t\t\t\t\t\t\t\t\t<\/div>\n\t\t\t\t<\/div>\n\t\t\t\t<div class=\"elementor-element elementor-element-d5d8450 cspt-align-center elementor-widget elementor-widget-cspt_heading\" data-id=\"d5d8450\" data-element_type=\"widget\" data-e-type=\"widget\" data-widget_type=\"cspt_heading.default\">\n\t\t\t\t<div class=\"elementor-widget-container\">\n\t\t\t\t\t\t<div class=\"cspt-heading-subheading center-align cspt-reverse-heading-yes\"><h2 class=\"cspt-element-title\">\r\n\t\t\t\r\n\t\t\t\tVision\r\n\t\t\t\r\n\t\t\t<\/h2>\r\n\t\t<div class=\"cspt-heading-desc\">Nachhaltiger Fortschritt und\nVerantwortung f\u00fcr unsere Umwelt <\/div><\/div>\t\t\t\t<\/div>\n\t\t\t\t<\/div>\n\t\t\t\t<div class=\"elementor-element elementor-element-5ebb08f elementor-align-center elementor-mobile-align-center cspt-btn-color-globalcolor cspt-btn-style-flat cspt-btn-shape-square elementor-widget elementor-widget-button\" data-id=\"5ebb08f\" data-element_type=\"widget\" data-e-type=\"widget\" data-widget_type=\"button.default\">\n\t\t\t\t<div class=\"elementor-widget-container\">\n\t\t\t\t\t\t\t\t\t<div class=\"elementor-button-wrapper\">\n\t\t\t\t\t<a class=\"elementor-button elementor-button-link elementor-size-md\" href=\"\/de\/vision\">\n\t\t\t\t\t\t<span class=\"elementor-button-content-wrapper\">\n\t\t\t\t\t\t\t\t\t<span class=\"elementor-button-text\">Finde mehr heraus<\/span>\n\t\t\t\t\t<\/span>\n\t\t\t\t\t<\/a>\n\t\t\t\t<\/div>\n\t\t\t\t\t\t\t\t<\/div>\n\t\t\t\t<\/div>\n\t\t\t\t\t<\/div>\n\t\t<\/div>\n\t\t\t\t<div class=\"elementor-column elementor-col-33 elementor-top-column elementor-element elementor-element-6f7dc5d cspt-bg-color-yes cspt-elementor-bg-color-light cspt-bg-color-over-image\" data-id=\"6f7dc5d\" data-element_type=\"column\" data-e-type=\"column\" data-settings=\"{&quot;background_background&quot;:&quot;classic&quot;}\">\n\t\t\t<div class=\"elementor-widget-wrap elementor-element-populated\">\n\t\t\t\t\t\t<div class=\"elementor-element elementor-element-99fd274 elementor-widget elementor-widget-image\" data-id=\"99fd274\" data-element_type=\"widget\" data-e-type=\"widget\" data-widget_type=\"image.default\">\n\t\t\t\t<div class=\"elementor-widget-container\">\n\t\t\t\t\t\t\t\t\t\t\t\t\t\t\t\t<a href=\"\/de\/mission\">\n\t\t\t\t\t\t\t<img decoding=\"async\" width=\"847\" height=\"565\" src=\"https:\/\/www.renfic.com\/wp-content\/uploads\/2023\/07\/gallery-7-1024x683.jpeg\" class=\"attachment-large size-large wp-image-586\" alt=\"\" srcset=\"https:\/\/www.renfic.com\/wp-content\/uploads\/2023\/07\/gallery-7-1024x683.jpeg 1024w, https:\/\/www.renfic.com\/wp-content\/uploads\/2023\/07\/gallery-7-300x200.jpeg 300w, https:\/\/www.renfic.com\/wp-content\/uploads\/2023\/07\/gallery-7-768x512.jpeg 768w, https:\/\/www.renfic.com\/wp-content\/uploads\/2023\/07\/gallery-7-770x513.jpeg 770w, https:\/\/www.renfic.com\/wp-content\/uploads\/2023\/07\/gallery-7.jpeg 1200w\" sizes=\"(max-width: 847px) 100vw, 847px\" data-id=\"586\" \/>\t\t\t\t\t\t\t\t<\/a>\n\t\t\t\t\t\t\t\t\t\t\t\t\t\t\t<\/div>\n\t\t\t\t<\/div>\n\t\t\t\t<div class=\"elementor-element elementor-element-3ae5c42 cspt-align-center elementor-widget elementor-widget-cspt_heading\" data-id=\"3ae5c42\" data-element_type=\"widget\" data-e-type=\"widget\" data-widget_type=\"cspt_heading.default\">\n\t\t\t\t<div class=\"elementor-widget-container\">\n\t\t\t\t\t\t<div class=\"cspt-heading-subheading center-align cspt-reverse-heading-yes\"><h2 class=\"cspt-element-title\">\r\n\t\t\t\r\n\t\t\t\tMission\r\n\t\t\t\r\n\t\t\t<\/h2>\r\n\t\t<div class=\"cspt-heading-desc\">Ethisches Innovationssystem\nvon Erneuerbaren Energien<\/div><\/div>\t\t\t\t<\/div>\n\t\t\t\t<\/div>\n\t\t\t\t<div class=\"elementor-element elementor-element-f6de0d8 elementor-align-center elementor-mobile-align-center cspt-btn-color-globalcolor cspt-btn-style-flat cspt-btn-shape-square elementor-widget elementor-widget-button\" data-id=\"f6de0d8\" data-element_type=\"widget\" data-e-type=\"widget\" data-widget_type=\"button.default\">\n\t\t\t\t<div class=\"elementor-widget-container\">\n\t\t\t\t\t\t\t\t\t<div class=\"elementor-button-wrapper\">\n\t\t\t\t\t<a class=\"elementor-button elementor-button-link elementor-size-md\" href=\"\/de\/mission\">\n\t\t\t\t\t\t<span class=\"elementor-button-content-wrapper\">\n\t\t\t\t\t\t\t\t\t<span class=\"elementor-button-text\">Finde mehr heraus<\/span>\n\t\t\t\t\t<\/span>\n\t\t\t\t\t<\/a>\n\t\t\t\t<\/div>\n\t\t\t\t\t\t\t\t<\/div>\n\t\t\t\t<\/div>\n\t\t\t\t\t<\/div>\n\t\t<\/div>\n\t\t\t\t<div class=\"elementor-column elementor-col-33 elementor-top-column elementor-element elementor-element-5c31f81 cspt-bg-color-yes cspt-elementor-bg-color-light cspt-bg-color-over-image\" data-id=\"5c31f81\" data-element_type=\"column\" data-e-type=\"column\" data-settings=\"{&quot;background_background&quot;:&quot;classic&quot;}\">\n\t\t\t<div class=\"elementor-widget-wrap elementor-element-populated\">\n\t\t\t\t\t\t<div class=\"elementor-element elementor-element-6cf4fd7 elementor-widget elementor-widget-image\" data-id=\"6cf4fd7\" data-element_type=\"widget\" data-e-type=\"widget\" data-widget_type=\"image.default\">\n\t\t\t\t<div class=\"elementor-widget-container\">\n\t\t\t\t\t\t\t\t\t\t\t\t\t\t\t\t<a href=\"https:\/\/www.renfic.com\/de\/kunden-partner\/\">\n\t\t\t\t\t\t\t<img decoding=\"async\" width=\"847\" height=\"565\" src=\"https:\/\/www.renfic.com\/wp-content\/uploads\/2023\/08\/esecuzione1-1024x683.jpg\" class=\"attachment-large size-large wp-image-1894\" alt=\"\" srcset=\"https:\/\/www.renfic.com\/wp-content\/uploads\/2023\/08\/esecuzione1-1024x683.jpg 1024w, https:\/\/www.renfic.com\/wp-content\/uploads\/2023\/08\/esecuzione1-300x200.jpg 300w, https:\/\/www.renfic.com\/wp-content\/uploads\/2023\/08\/esecuzione1-768x512.jpg 768w, https:\/\/www.renfic.com\/wp-content\/uploads\/2023\/08\/esecuzione1-770x513.jpg 770w, https:\/\/www.renfic.com\/wp-content\/uploads\/2023\/08\/esecuzione1.jpg 1200w\" sizes=\"(max-width: 847px) 100vw, 847px\" data-id=\"1894\" \/>\t\t\t\t\t\t\t\t<\/a>\n\t\t\t\t\t\t\t\t\t\t\t\t\t\t\t<\/div>\n\t\t\t\t<\/div>\n\t\t\t\t<div class=\"elementor-element elementor-element-e681491 cspt-align-center elementor-widget elementor-widget-cspt_heading\" data-id=\"e681491\" data-element_type=\"widget\" data-e-type=\"widget\" data-widget_type=\"cspt_heading.default\">\n\t\t\t\t<div class=\"elementor-widget-container\">\n\t\t\t\t\t\t<div class=\"cspt-heading-subheading center-align cspt-reverse-heading-yes\"><h2 class=\"cspt-element-title\">\r\n\t\t\t\r\n\t\t\t\tKunden &amp; Partner\r\n\t\t\t\r\n\t\t\t<\/h2>\r\n\t\t<div class=\"cspt-heading-desc\">Unsere Partner <br>\nf\u00fcr eine nachhaltige Zukunft<\/div><\/div>\t\t\t\t<\/div>\n\t\t\t\t<\/div>\n\t\t\t\t<div class=\"elementor-element elementor-element-bcaaf72 elementor-align-center elementor-mobile-align-center cspt-btn-color-globalcolor cspt-btn-style-flat cspt-btn-shape-square elementor-widget elementor-widget-button\" data-id=\"bcaaf72\" data-element_type=\"widget\" data-e-type=\"widget\" data-widget_type=\"button.default\">\n\t\t\t\t<div class=\"elementor-widget-container\">\n\t\t\t\t\t\t\t\t\t<div class=\"elementor-button-wrapper\">\n\t\t\t\t\t<a class=\"elementor-button elementor-button-link elementor-size-md\" href=\"https:\/\/www.renfic.com\/de\/kunden-partner\/\">\n\t\t\t\t\t\t<span class=\"elementor-button-content-wrapper\">\n\t\t\t\t\t\t\t\t\t<span class=\"elementor-button-text\">Finde mehr heraus<\/span>\n\t\t\t\t\t<\/span>\n\t\t\t\t\t<\/a>\n\t\t\t\t<\/div>\n\t\t\t\t\t\t\t\t<\/div>\n\t\t\t\t<\/div>\n\t\t\t\t\t<\/div>\n\t\t<\/div>\n\t\t\t\t\t<\/div>\n\t\t<\/section>\n\t\t\t\t<section class=\"elementor-section elementor-top-section elementor-element elementor-element-4d2fed40 cspt-bg-color-yes cspt-elementor-bg-color-globalcolor cspt-text-color-white elementor-section-stretched elementor-section-content-middle cspt-col-stretched-none cspt-bg-color-over-image elementor-section-boxed elementor-section-height-default elementor-section-height-default\" data-id=\"4d2fed40\" data-element_type=\"section\" data-e-type=\"section\" data-settings=\"{&quot;stretch_section&quot;:&quot;section-stretched&quot;}\">\n\t\t\t\t\t\t<div class=\"elementor-container elementor-column-gap-default\">\n\t\t\t\t\t<div class=\"elementor-column elementor-col-66 elementor-top-column elementor-element elementor-element-77271666 cspt-bg-color-over-image\" data-id=\"77271666\" data-element_type=\"column\" data-e-type=\"column\">\n\t\t\t<div class=\"elementor-widget-wrap elementor-element-populated\">\n\t\t\t\t\t\t<div class=\"elementor-element elementor-element-428fbc04 elementor-widget elementor-widget-heading\" data-id=\"428fbc04\" data-element_type=\"widget\" data-e-type=\"widget\" data-widget_type=\"heading.default\">\n\t\t\t\t<div class=\"elementor-widget-container\">\n\t\t\t\t\t<h2 class=\"elementor-heading-title elementor-size-default\">F\u00fcr mehr Informationen<\/h2>\t\t\t\t<\/div>\n\t\t\t\t<\/div>\n\t\t\t\t<div class=\"elementor-element elementor-element-20d5780d elementor-widget elementor-widget-text-editor\" data-id=\"20d5780d\" data-element_type=\"widget\" data-e-type=\"widget\" data-widget_type=\"text-editor.default\">\n\t\t\t\t<div class=\"elementor-widget-container\">\n\t\t\t\t\t\t\t\t\t<p>nehmen Sie bitte Kontakt mit uns auf <br \/>Wir werden uns schnellstm\u00f6glich bei Ihnen melden<\/p>\t\t\t\t\t\t\t\t<\/div>\n\t\t\t\t<\/div>\n\t\t\t\t\t<\/div>\n\t\t<\/div>\n\t\t\t\t<div class=\"elementor-column elementor-col-33 elementor-top-column elementor-element elementor-element-7f146516 cspt-bg-color-over-image\" data-id=\"7f146516\" data-element_type=\"column\" data-e-type=\"column\">\n\t\t\t<div class=\"elementor-widget-wrap elementor-element-populated\">\n\t\t\t\t\t\t<div class=\"elementor-element elementor-element-473e7bda cspt-btn-color-white cspt-btn-style-outline cspt-btn-shape-round elementor-align-right elementor-mobile-align-center elementor-widget elementor-widget-button\" data-id=\"473e7bda\" data-element_type=\"widget\" data-e-type=\"widget\" data-widget_type=\"button.default\">\n\t\t\t\t<div class=\"elementor-widget-container\">\n\t\t\t\t\t\t\t\t\t<div class=\"elementor-button-wrapper\">\n\t\t\t\t\t<a class=\"elementor-button elementor-button-link elementor-size-md\" href=\"https:\/\/www.renfic.com\/de\/kontakt\/\">\n\t\t\t\t\t\t<span class=\"elementor-button-content-wrapper\">\n\t\t\t\t\t\t\t\t\t<span class=\"elementor-button-text\">Sprechen Sie uns an<\/span>\n\t\t\t\t\t<\/span>\n\t\t\t\t\t<\/a>\n\t\t\t\t<\/div>\n\t\t\t\t\t\t\t\t<\/div>\n\t\t\t\t<\/div>\n\t\t\t\t\t<\/div>\n\t\t<\/div>\n\t\t\t\t\t<\/div>\n\t\t<\/section>\n\t\t\t\t<\/div>\n\t\t","protected":false},"excerpt":{"rendered":"<p>RENFIC wurde 2008 urspr\u00fcnglich unter dem Namen Solar Barocco gegr\u00fcndet und begann mit der Entwicklung von mehreren 1-MWp-Solar-Photovoltaikprojekten in Italien f\u00fcr internationale Kunden wie AEG Power Solutions. Bald darauf, im Jahr 2010\/11, haben wir mit der Gr\u00fcndung von Renfic Ltd. ein B\u00fcro in London (Gro\u00dfbritannien) er\u00f6ffnet, womit wir ein Portfolio von 60 MWp an Solar-, Wind- und Kleinwasserkraft-projekten mitentwickelt haben und gleichzeitig Kooperationen auf anderen ausl\u00e4ndischen M\u00e4rkten, wie Rum\u00e4nien und[&hellip;]<\/p>\n","protected":false},"author":1,"featured_media":0,"parent":0,"menu_order":10,"comment_status":"closed","ping_status":"closed","template":"","meta":{"_acf_changed":false,"footnotes":""},"class_list":["post-1893","page","type-page","status-publish","hentry"],"acf":[],"yoast_head":"<!-- This site is optimized with the Yoast SEO plugin v27.3 - https:\/\/yoast.com\/product\/yoast-seo-wordpress\/ -->\n<title>Der Weg von Renfic - Geschichte und Ziele - Erneuerbare Energien<\/title>\n<meta name=\"description\" content=\"Erfahren Sie mehr \u00fcber den Weg von Renfic und unsere Ziele f\u00fcr eine immer gr\u00fcnere und nachhaltigere Welt. Klicken Sie hier, um mehr zu erfahren.\" \/>\n<meta name=\"robots\" content=\"index, follow, max-snippet:-1, max-image-preview:large, max-video-preview:-1\" \/>\n<link rel=\"canonical\" href=\"https:\/\/www.renfic.com\/de\/unser-weg\/\" \/>\n<meta property=\"og:locale\" content=\"de_DE\" \/>\n<meta property=\"og:type\" content=\"article\" \/>\n<meta property=\"og:title\" content=\"Der Weg von Renfic - Geschichte und Ziele - Erneuerbare Energien\" \/>\n<meta property=\"og:description\" content=\"Erfahren Sie mehr \u00fcber den Weg von Renfic und unsere Ziele f\u00fcr eine immer gr\u00fcnere und nachhaltigere Welt. Klicken Sie hier, um mehr zu erfahren.\" \/>\n<meta property=\"og:url\" content=\"https:\/\/www.renfic.com\/de\/unser-weg\/\" \/>\n<meta property=\"og:site_name\" content=\"Renfic\" \/>\n<meta property=\"article:modified_time\" content=\"2024-09-20T16:17:46+00:00\" \/>\n<meta property=\"og:image\" content=\"https:\/\/www.renfic.com\/wp-content\/uploads\/2023\/07\/gallery-8-1024x683.jpeg\" \/>\n<meta name=\"twitter:card\" content=\"summary_large_image\" \/>\n<script type=\"application\/ld+json\" class=\"yoast-schema-graph\">{\"@context\":\"https:\\\/\\\/schema.org\",\"@graph\":[{\"@type\":\"WebPage\",\"@id\":\"https:\\\/\\\/www.renfic.com\\\/de\\\/unser-weg\\\/\",\"url\":\"https:\\\/\\\/www.renfic.com\\\/de\\\/unser-weg\\\/\",\"name\":\"Der Weg von Renfic - Geschichte und Ziele - Erneuerbare Energien\",\"isPartOf\":{\"@id\":\"https:\\\/\\\/www.renfic.com\\\/#website\"},\"primaryImageOfPage\":{\"@id\":\"https:\\\/\\\/www.renfic.com\\\/de\\\/unser-weg\\\/#primaryimage\"},\"image\":{\"@id\":\"https:\\\/\\\/www.renfic.com\\\/de\\\/unser-weg\\\/#primaryimage\"},\"thumbnailUrl\":\"https:\\\/\\\/www.renfic.com\\\/wp-content\\\/uploads\\\/2023\\\/07\\\/gallery-8-1024x683.jpeg\",\"datePublished\":\"2023-07-04T14:40:31+00:00\",\"dateModified\":\"2024-09-20T16:17:46+00:00\",\"description\":\"Erfahren Sie mehr \u00fcber den Weg von Renfic und unsere Ziele f\u00fcr eine immer gr\u00fcnere und nachhaltigere Welt. Klicken Sie hier, um mehr zu erfahren.\",\"breadcrumb\":{\"@id\":\"https:\\\/\\\/www.renfic.com\\\/de\\\/unser-weg\\\/#breadcrumb\"},\"inLanguage\":\"de\",\"potentialAction\":[{\"@type\":\"ReadAction\",\"target\":[\"https:\\\/\\\/www.renfic.com\\\/de\\\/unser-weg\\\/\"]}]},{\"@type\":\"ImageObject\",\"inLanguage\":\"de\",\"@id\":\"https:\\\/\\\/www.renfic.com\\\/de\\\/unser-weg\\\/#primaryimage\",\"url\":\"https:\\\/\\\/www.renfic.com\\\/wp-content\\\/uploads\\\/2023\\\/07\\\/gallery-8-1024x683.jpeg\",\"contentUrl\":\"https:\\\/\\\/www.renfic.com\\\/wp-content\\\/uploads\\\/2023\\\/07\\\/gallery-8-1024x683.jpeg\"},{\"@type\":\"BreadcrumbList\",\"@id\":\"https:\\\/\\\/www.renfic.com\\\/de\\\/unser-weg\\\/#breadcrumb\",\"itemListElement\":[{\"@type\":\"ListItem\",\"position\":1,\"name\":\"Home\",\"item\":\"https:\\\/\\\/www.renfic.com\\\/de\\\/\"},{\"@type\":\"ListItem\",\"position\":2,\"name\":\"Unser Weg\"}]},{\"@type\":\"WebSite\",\"@id\":\"https:\\\/\\\/www.renfic.com\\\/#website\",\"url\":\"https:\\\/\\\/www.renfic.com\\\/\",\"name\":\"Renfic - Soluzioni per l'Ambiente - Energie Rinnovabili\",\"description\":\"\",\"publisher\":{\"@id\":\"https:\\\/\\\/www.renfic.com\\\/#organization\"},\"potentialAction\":[{\"@type\":\"SearchAction\",\"target\":{\"@type\":\"EntryPoint\",\"urlTemplate\":\"https:\\\/\\\/www.renfic.com\\\/?s={search_term_string}\"},\"query-input\":{\"@type\":\"PropertyValueSpecification\",\"valueRequired\":true,\"valueName\":\"search_term_string\"}}],\"inLanguage\":\"de\"},{\"@type\":\"Organization\",\"@id\":\"https:\\\/\\\/www.renfic.com\\\/#organization\",\"name\":\"Renfic - Soluzioni per l'Ambiente - Energie Rinnovabili\",\"url\":\"https:\\\/\\\/www.renfic.com\\\/\",\"logo\":{\"@type\":\"ImageObject\",\"inLanguage\":\"de\",\"@id\":\"https:\\\/\\\/www.renfic.com\\\/#\\\/schema\\\/logo\\\/image\\\/\",\"url\":\"https:\\\/\\\/www.renfic.com\\\/wp-content\\\/uploads\\\/2023\\\/07\\\/renfic-logo.png\",\"contentUrl\":\"https:\\\/\\\/www.renfic.com\\\/wp-content\\\/uploads\\\/2023\\\/07\\\/renfic-logo.png\",\"width\":326,\"height\":114,\"caption\":\"Renfic - Soluzioni per l'Ambiente - Energie Rinnovabili\"},\"image\":{\"@id\":\"https:\\\/\\\/www.renfic.com\\\/#\\\/schema\\\/logo\\\/image\\\/\"}}]}<\/script>\n<!-- \/ Yoast SEO plugin. -->","yoast_head_json":{"title":"Der Weg von Renfic - Geschichte und Ziele - Erneuerbare Energien","description":"Erfahren Sie mehr \u00fcber den Weg von Renfic und unsere Ziele f\u00fcr eine immer gr\u00fcnere und nachhaltigere Welt. Klicken Sie hier, um mehr zu erfahren.","robots":{"index":"index","follow":"follow","max-snippet":"max-snippet:-1","max-image-preview":"max-image-preview:large","max-video-preview":"max-video-preview:-1"},"canonical":"https:\/\/www.renfic.com\/de\/unser-weg\/","og_locale":"de_DE","og_type":"article","og_title":"Der Weg von Renfic - Geschichte und Ziele - Erneuerbare Energien","og_description":"Erfahren Sie mehr \u00fcber den Weg von Renfic und unsere Ziele f\u00fcr eine immer gr\u00fcnere und nachhaltigere Welt. Klicken Sie hier, um mehr zu erfahren.","og_url":"https:\/\/www.renfic.com\/de\/unser-weg\/","og_site_name":"Renfic","article_modified_time":"2024-09-20T16:17:46+00:00","og_image":[{"url":"https:\/\/www.renfic.com\/wp-content\/uploads\/2023\/07\/gallery-8-1024x683.jpeg","type":"","width":"","height":""}],"twitter_card":"summary_large_image","schema":{"@context":"https:\/\/schema.org","@graph":[{"@type":"WebPage","@id":"https:\/\/www.renfic.com\/de\/unser-weg\/","url":"https:\/\/www.renfic.com\/de\/unser-weg\/","name":"Der Weg von Renfic - Geschichte und Ziele - Erneuerbare Energien","isPartOf":{"@id":"https:\/\/www.renfic.com\/#website"},"primaryImageOfPage":{"@id":"https:\/\/www.renfic.com\/de\/unser-weg\/#primaryimage"},"image":{"@id":"https:\/\/www.renfic.com\/de\/unser-weg\/#primaryimage"},"thumbnailUrl":"https:\/\/www.renfic.com\/wp-content\/uploads\/2023\/07\/gallery-8-1024x683.jpeg","datePublished":"2023-07-04T14:40:31+00:00","dateModified":"2024-09-20T16:17:46+00:00","description":"Erfahren Sie mehr \u00fcber den Weg von Renfic und unsere Ziele f\u00fcr eine immer gr\u00fcnere und nachhaltigere Welt. Klicken Sie hier, um mehr zu erfahren.","breadcrumb":{"@id":"https:\/\/www.renfic.com\/de\/unser-weg\/#breadcrumb"},"inLanguage":"de","potentialAction":[{"@type":"ReadAction","target":["https:\/\/www.renfic.com\/de\/unser-weg\/"]}]},{"@type":"ImageObject","inLanguage":"de","@id":"https:\/\/www.renfic.com\/de\/unser-weg\/#primaryimage","url":"https:\/\/www.renfic.com\/wp-content\/uploads\/2023\/07\/gallery-8-1024x683.jpeg","contentUrl":"https:\/\/www.renfic.com\/wp-content\/uploads\/2023\/07\/gallery-8-1024x683.jpeg"},{"@type":"BreadcrumbList","@id":"https:\/\/www.renfic.com\/de\/unser-weg\/#breadcrumb","itemListElement":[{"@type":"ListItem","position":1,"name":"Home","item":"https:\/\/www.renfic.com\/de\/"},{"@type":"ListItem","position":2,"name":"Unser Weg"}]},{"@type":"WebSite","@id":"https:\/\/www.renfic.com\/#website","url":"https:\/\/www.renfic.com\/","name":"Renfic - Soluzioni per l'Ambiente - Energie Rinnovabili","description":"","publisher":{"@id":"https:\/\/www.renfic.com\/#organization"},"potentialAction":[{"@type":"SearchAction","target":{"@type":"EntryPoint","urlTemplate":"https:\/\/www.renfic.com\/?s={search_term_string}"},"query-input":{"@type":"PropertyValueSpecification","valueRequired":true,"valueName":"search_term_string"}}],"inLanguage":"de"},{"@type":"Organization","@id":"https:\/\/www.renfic.com\/#organization","name":"Renfic - Soluzioni per l'Ambiente - Energie Rinnovabili","url":"https:\/\/www.renfic.com\/","logo":{"@type":"ImageObject","inLanguage":"de","@id":"https:\/\/www.renfic.com\/#\/schema\/logo\/image\/","url":"https:\/\/www.renfic.com\/wp-content\/uploads\/2023\/07\/renfic-logo.png","contentUrl":"https:\/\/www.renfic.com\/wp-content\/uploads\/2023\/07\/renfic-logo.png","width":326,"height":114,"caption":"Renfic - Soluzioni per l'Ambiente - Energie Rinnovabili"},"image":{"@id":"https:\/\/www.renfic.com\/#\/schema\/logo\/image\/"}}]}},"_links":{"self":[{"href":"https:\/\/www.renfic.com\/de\/wp-json\/wp\/v2\/pages\/1893","targetHints":{"allow":["GET"]}}],"collection":[{"href":"https:\/\/www.renfic.com\/de\/wp-json\/wp\/v2\/pages"}],"about":[{"href":"https:\/\/www.renfic.com\/de\/wp-json\/wp\/v2\/types\/page"}],"author":[{"embeddable":true,"href":"https:\/\/www.renfic.com\/de\/wp-json\/wp\/v2\/users\/1"}],"replies":[{"embeddable":true,"href":"https:\/\/www.renfic.com\/de\/wp-json\/wp\/v2\/comments?post=1893"}],"version-history":[{"count":17,"href":"https:\/\/www.renfic.com\/de\/wp-json\/wp\/v2\/pages\/1893\/revisions"}],"predecessor-version":[{"id":2224,"href":"https:\/\/www.renfic.com\/de\/wp-json\/wp\/v2\/pages\/1893\/revisions\/2224"}],"wp:attachment":[{"href":"https:\/\/www.renfic.com\/de\/wp-json\/wp\/v2\/media?parent=1893"}],"curies":[{"name":"wp","href":"https:\/\/api.w.org\/{rel}","templated":true}]}}