{"id":1997,"date":"2023-07-05T11:45:50","date_gmt":"2023-07-05T09:45:50","guid":{"rendered":"https:\/\/www.renfic.com\/mercati\/"},"modified":"2024-09-20T18:19:17","modified_gmt":"2024-09-20T16:19:17","slug":"maerkte","status":"publish","type":"page","link":"https:\/\/www.renfic.com\/de\/maerkte\/","title":{"rendered":"M\u00e4rkte"},"content":{"rendered":"\t\t<div data-elementor-type=\"wp-page\" data-elementor-id=\"1997\" class=\"elementor elementor-1997 elementor-376\">\n\t\t\t\t\t\t<section class=\"elementor-section elementor-top-section elementor-element elementor-element-1ca7f387 elementor-section-stretched cspt-col-stretched-none cspt-bg-color-over-image elementor-section-boxed elementor-section-height-default elementor-section-height-default\" data-id=\"1ca7f387\" data-element_type=\"section\" data-e-type=\"section\" data-settings=\"{&quot;stretch_section&quot;:&quot;section-stretched&quot;}\">\n\t\t\t\t\t\t<div class=\"elementor-container elementor-column-gap-no\">\n\t\t\t\t\t<div class=\"elementor-column elementor-col-100 elementor-top-column elementor-element elementor-element-46c39b33 cspt-bg-color-over-image\" data-id=\"46c39b33\" data-element_type=\"column\" data-e-type=\"column\">\n\t\t\t<div class=\"elementor-widget-wrap elementor-element-populated\">\n\t\t\t\t\t\t<div class=\"elementor-element elementor-element-aef03eb cspt-align-center elementor-widget elementor-widget-cspt_heading\" data-id=\"aef03eb\" data-element_type=\"widget\" data-e-type=\"widget\" data-widget_type=\"cspt_heading.default\">\n\t\t\t\t<div class=\"elementor-widget-container\">\n\t\t\t\t\t\t<div class=\"cspt-heading-subheading center-align \"><h2 class=\"cspt-element-title\">\r\n\t\t\t\r\n\t\t\t\tEuropa, Naher Osten, Afrika\r\n\t\t\t\r\n\t\t\t<\/h2>\r\n\t\t<\/div>\t\t\t\t<\/div>\n\t\t\t\t<\/div>\n\t\t\t\t\t<\/div>\n\t\t<\/div>\n\t\t\t\t\t<\/div>\n\t\t<\/section>\n\t\t\t\t<section class=\"elementor-section elementor-top-section elementor-element elementor-element-f349621 elementor-section-content-middle cspt-col-stretched-right cspt-right-col-stretched-content-yes cspt-bg-color-over-image elementor-section-boxed elementor-section-height-default elementor-section-height-default\" data-id=\"f349621\" data-element_type=\"section\" data-e-type=\"section\">\n\t\t\t\t\t\t<div class=\"elementor-container elementor-column-gap-default\">\n\t\t\t\t\t<div class=\"elementor-column elementor-col-50 elementor-top-column elementor-element elementor-element-aaf6b7b cspt-bg-color-over-image\" data-id=\"aaf6b7b\" data-element_type=\"column\" data-e-type=\"column\">\n\t\t\t<div class=\"elementor-widget-wrap elementor-element-populated\">\n\t\t\t\t\t\t<div class=\"elementor-element elementor-element-d3abe30 elementor-widget elementor-widget-text-editor\" data-id=\"d3abe30\" data-element_type=\"widget\" data-e-type=\"widget\" data-widget_type=\"text-editor.default\">\n\t\t\t\t<div class=\"elementor-widget-container\">\n\t\t\t\t\t\t\t\t\t<p>RENFIC ist aktiv in mehreren L\u00e4ndern der EMEA-Region und verf\u00fcgt \u00fcber ein umfassendes Netzwerk und lokale Kenntnisse der M\u00e4rkte und deren Programme f\u00fcr Erneuerbare Energien.<\/p><p>Gr\u00fcn hervorgehoben sind die L\u00e4nder, in denen Dienstleistungen bereits erfolgreich erbracht wurden.<\/p><p>In gelb die M\u00e4rkte mit Leads, Projekten oder Ausschreibungen, die sich derzeit in der Entwicklung befinden.<\/p><p>Einige wichtige Kunden von RENFIC kommen aus Gebieten au\u00dferhalb der EMEA-Region: China, Malaysia, Korea, Indien usw.<\/p>\t\t\t\t\t\t\t\t<\/div>\n\t\t\t\t<\/div>\n\t\t\t\t\t<\/div>\n\t\t<\/div>\n\t\t\t\t<div class=\"elementor-column elementor-col-50 elementor-top-column elementor-element elementor-element-94acfea cspt-bg-color-over-image\" data-id=\"94acfea\" data-element_type=\"column\" data-e-type=\"column\">\n\t\t\t<div class=\"elementor-widget-wrap elementor-element-populated\">\n\t\t\t\t\t\t<div class=\"elementor-element elementor-element-b82d00a elementor-widget elementor-widget-image\" data-id=\"b82d00a\" data-element_type=\"widget\" data-e-type=\"widget\" data-widget_type=\"image.default\">\n\t\t\t\t<div class=\"elementor-widget-container\">\n\t\t\t\t\t\t\t\t\t\t\t\t\t\t\t<img fetchpriority=\"high\" decoding=\"async\" width=\"847\" height=\"679\" src=\"https:\/\/www.renfic.com\/wp-content\/uploads\/2023\/09\/markets-ita-1024x821.png\" class=\"attachment-large size-large wp-image-2003\" alt=\"\" srcset=\"https:\/\/www.renfic.com\/wp-content\/uploads\/2023\/09\/markets-ita-1024x821.png 1024w, https:\/\/www.renfic.com\/wp-content\/uploads\/2023\/09\/markets-ita-300x241.png 300w, https:\/\/www.renfic.com\/wp-content\/uploads\/2023\/09\/markets-ita-768x616.png 768w, https:\/\/www.renfic.com\/wp-content\/uploads\/2023\/09\/markets-ita-1536x1232.png 1536w, https:\/\/www.renfic.com\/wp-content\/uploads\/2023\/09\/markets-ita-770x618.png 770w, https:\/\/www.renfic.com\/wp-content\/uploads\/2023\/09\/markets-ita.png 2020w\" sizes=\"(max-width: 847px) 100vw, 847px\" data-id=\"2003\" \/>\t\t\t\t\t\t\t\t\t\t\t\t\t\t\t<\/div>\n\t\t\t\t<\/div>\n\t\t\t\t\t<\/div>\n\t\t<\/div>\n\t\t\t\t\t<\/div>\n\t\t<\/section>\n\t\t\t\t<\/div>\n\t\t","protected":false},"excerpt":{"rendered":"<p>Europa, Naher Osten, Afrika RENFIC ist aktiv in mehreren L\u00e4ndern der EMEA-Region und verf\u00fcgt \u00fcber ein umfassendes Netzwerk und lokale Kenntnisse der M\u00e4rkte und deren Programme f\u00fcr Erneuerbare Energien. Gr\u00fcn hervorgehoben sind die L\u00e4nder, in denen Dienstleistungen bereits erfolgreich erbracht wurden. In gelb die M\u00e4rkte mit Leads, Projekten oder Ausschreibungen, die sich derzeit in der Entwicklung befinden. Einige wichtige Kunden von RENFIC kommen aus Gebieten au\u00dferhalb der EMEA-Region: China, Malaysia,[&hellip;]<\/p>\n","protected":false},"author":1,"featured_media":0,"parent":0,"menu_order":18,"comment_status":"closed","ping_status":"closed","template":"","meta":{"_acf_changed":false,"footnotes":""},"class_list":["post-1997","page","type-page","status-publish","hentry"],"acf":[],"yoast_head":"<!-- This site is optimized with the Yoast SEO plugin v27.3 - https:\/\/yoast.com\/product\/yoast-seo-wordpress\/ -->\n<title>Anlagen f\u00fcr erneuerbare Energien - Unser Standort - Renfic<\/title>\n<meta name=\"description\" content=\"Renfic ist in der EMEA-Region t\u00e4tig und verf\u00fcgt \u00fcber ein breites Netzwerk sowie fundierte Kenntnisse der lokalen M\u00e4rkte und deren Strategien zur Entwicklung erneuerbarer Energien.\" \/>\n<meta name=\"robots\" content=\"index, follow, max-snippet:-1, max-image-preview:large, max-video-preview:-1\" \/>\n<link rel=\"canonical\" href=\"https:\/\/www.renfic.com\/de\/maerkte\/\" \/>\n<meta property=\"og:locale\" content=\"de_DE\" \/>\n<meta property=\"og:type\" content=\"article\" \/>\n<meta property=\"og:title\" content=\"Anlagen f\u00fcr erneuerbare Energien - Unser Standort - Renfic\" \/>\n<meta property=\"og:description\" content=\"Renfic ist in der EMEA-Region t\u00e4tig und verf\u00fcgt \u00fcber ein breites Netzwerk sowie fundierte Kenntnisse der lokalen M\u00e4rkte und deren Strategien zur Entwicklung erneuerbarer Energien.\" \/>\n<meta property=\"og:url\" content=\"https:\/\/www.renfic.com\/de\/maerkte\/\" \/>\n<meta property=\"og:site_name\" content=\"Renfic\" \/>\n<meta property=\"article:modified_time\" content=\"2024-09-20T16:19:17+00:00\" \/>\n<meta property=\"og:image\" content=\"https:\/\/www.renfic.com\/wp-content\/uploads\/2023\/09\/markets-ita-1024x821.png\" \/>\n<meta name=\"twitter:card\" content=\"summary_large_image\" \/>\n<script type=\"application\/ld+json\" class=\"yoast-schema-graph\">{\"@context\":\"https:\\\/\\\/schema.org\",\"@graph\":[{\"@type\":\"WebPage\",\"@id\":\"https:\\\/\\\/www.renfic.com\\\/de\\\/maerkte\\\/\",\"url\":\"https:\\\/\\\/www.renfic.com\\\/de\\\/maerkte\\\/\",\"name\":\"Anlagen f\u00fcr erneuerbare Energien - Unser Standort - Renfic\",\"isPartOf\":{\"@id\":\"https:\\\/\\\/www.renfic.com\\\/#website\"},\"primaryImageOfPage\":{\"@id\":\"https:\\\/\\\/www.renfic.com\\\/de\\\/maerkte\\\/#primaryimage\"},\"image\":{\"@id\":\"https:\\\/\\\/www.renfic.com\\\/de\\\/maerkte\\\/#primaryimage\"},\"thumbnailUrl\":\"https:\\\/\\\/www.renfic.com\\\/wp-content\\\/uploads\\\/2023\\\/09\\\/markets-ita-1024x821.png\",\"datePublished\":\"2023-07-05T09:45:50+00:00\",\"dateModified\":\"2024-09-20T16:19:17+00:00\",\"description\":\"Renfic ist in der EMEA-Region t\u00e4tig und verf\u00fcgt \u00fcber ein breites Netzwerk sowie fundierte Kenntnisse der lokalen M\u00e4rkte und deren Strategien zur Entwicklung erneuerbarer Energien.\",\"breadcrumb\":{\"@id\":\"https:\\\/\\\/www.renfic.com\\\/de\\\/maerkte\\\/#breadcrumb\"},\"inLanguage\":\"de\",\"potentialAction\":[{\"@type\":\"ReadAction\",\"target\":[\"https:\\\/\\\/www.renfic.com\\\/de\\\/maerkte\\\/\"]}]},{\"@type\":\"ImageObject\",\"inLanguage\":\"de\",\"@id\":\"https:\\\/\\\/www.renfic.com\\\/de\\\/maerkte\\\/#primaryimage\",\"url\":\"https:\\\/\\\/www.renfic.com\\\/wp-content\\\/uploads\\\/2023\\\/09\\\/markets-ita-1024x821.png\",\"contentUrl\":\"https:\\\/\\\/www.renfic.com\\\/wp-content\\\/uploads\\\/2023\\\/09\\\/markets-ita-1024x821.png\"},{\"@type\":\"BreadcrumbList\",\"@id\":\"https:\\\/\\\/www.renfic.com\\\/de\\\/maerkte\\\/#breadcrumb\",\"itemListElement\":[{\"@type\":\"ListItem\",\"position\":1,\"name\":\"Home\",\"item\":\"https:\\\/\\\/www.renfic.com\\\/de\\\/\"},{\"@type\":\"ListItem\",\"position\":2,\"name\":\"M\u00e4rkte\"}]},{\"@type\":\"WebSite\",\"@id\":\"https:\\\/\\\/www.renfic.com\\\/#website\",\"url\":\"https:\\\/\\\/www.renfic.com\\\/\",\"name\":\"Renfic - Soluzioni per l'Ambiente - Energie Rinnovabili\",\"description\":\"\",\"publisher\":{\"@id\":\"https:\\\/\\\/www.renfic.com\\\/#organization\"},\"potentialAction\":[{\"@type\":\"SearchAction\",\"target\":{\"@type\":\"EntryPoint\",\"urlTemplate\":\"https:\\\/\\\/www.renfic.com\\\/?s={search_term_string}\"},\"query-input\":{\"@type\":\"PropertyValueSpecification\",\"valueRequired\":true,\"valueName\":\"search_term_string\"}}],\"inLanguage\":\"de\"},{\"@type\":\"Organization\",\"@id\":\"https:\\\/\\\/www.renfic.com\\\/#organization\",\"name\":\"Renfic - Soluzioni per l'Ambiente - Energie Rinnovabili\",\"url\":\"https:\\\/\\\/www.renfic.com\\\/\",\"logo\":{\"@type\":\"ImageObject\",\"inLanguage\":\"de\",\"@id\":\"https:\\\/\\\/www.renfic.com\\\/#\\\/schema\\\/logo\\\/image\\\/\",\"url\":\"https:\\\/\\\/www.renfic.com\\\/wp-content\\\/uploads\\\/2023\\\/07\\\/renfic-logo.png\",\"contentUrl\":\"https:\\\/\\\/www.renfic.com\\\/wp-content\\\/uploads\\\/2023\\\/07\\\/renfic-logo.png\",\"width\":326,\"height\":114,\"caption\":\"Renfic - Soluzioni per l'Ambiente - Energie Rinnovabili\"},\"image\":{\"@id\":\"https:\\\/\\\/www.renfic.com\\\/#\\\/schema\\\/logo\\\/image\\\/\"}}]}<\/script>\n<!-- \/ Yoast SEO plugin. -->","yoast_head_json":{"title":"Anlagen f\u00fcr erneuerbare Energien - Unser Standort - Renfic","description":"Renfic ist in der EMEA-Region t\u00e4tig und verf\u00fcgt \u00fcber ein breites Netzwerk sowie fundierte Kenntnisse der lokalen M\u00e4rkte und deren Strategien zur Entwicklung erneuerbarer Energien.","robots":{"index":"index","follow":"follow","max-snippet":"max-snippet:-1","max-image-preview":"max-image-preview:large","max-video-preview":"max-video-preview:-1"},"canonical":"https:\/\/www.renfic.com\/de\/maerkte\/","og_locale":"de_DE","og_type":"article","og_title":"Anlagen f\u00fcr erneuerbare Energien - Unser Standort - Renfic","og_description":"Renfic ist in der EMEA-Region t\u00e4tig und verf\u00fcgt \u00fcber ein breites Netzwerk sowie fundierte Kenntnisse der lokalen M\u00e4rkte und deren Strategien zur Entwicklung erneuerbarer Energien.","og_url":"https:\/\/www.renfic.com\/de\/maerkte\/","og_site_name":"Renfic","article_modified_time":"2024-09-20T16:19:17+00:00","og_image":[{"url":"https:\/\/www.renfic.com\/wp-content\/uploads\/2023\/09\/markets-ita-1024x821.png","type":"","width":"","height":""}],"twitter_card":"summary_large_image","schema":{"@context":"https:\/\/schema.org","@graph":[{"@type":"WebPage","@id":"https:\/\/www.renfic.com\/de\/maerkte\/","url":"https:\/\/www.renfic.com\/de\/maerkte\/","name":"Anlagen f\u00fcr erneuerbare Energien - Unser Standort - Renfic","isPartOf":{"@id":"https:\/\/www.renfic.com\/#website"},"primaryImageOfPage":{"@id":"https:\/\/www.renfic.com\/de\/maerkte\/#primaryimage"},"image":{"@id":"https:\/\/www.renfic.com\/de\/maerkte\/#primaryimage"},"thumbnailUrl":"https:\/\/www.renfic.com\/wp-content\/uploads\/2023\/09\/markets-ita-1024x821.png","datePublished":"2023-07-05T09:45:50+00:00","dateModified":"2024-09-20T16:19:17+00:00","description":"Renfic ist in der EMEA-Region t\u00e4tig und verf\u00fcgt \u00fcber ein breites Netzwerk sowie fundierte Kenntnisse der lokalen M\u00e4rkte und deren Strategien zur Entwicklung erneuerbarer Energien.","breadcrumb":{"@id":"https:\/\/www.renfic.com\/de\/maerkte\/#breadcrumb"},"inLanguage":"de","potentialAction":[{"@type":"ReadAction","target":["https:\/\/www.renfic.com\/de\/maerkte\/"]}]},{"@type":"ImageObject","inLanguage":"de","@id":"https:\/\/www.renfic.com\/de\/maerkte\/#primaryimage","url":"https:\/\/www.renfic.com\/wp-content\/uploads\/2023\/09\/markets-ita-1024x821.png","contentUrl":"https:\/\/www.renfic.com\/wp-content\/uploads\/2023\/09\/markets-ita-1024x821.png"},{"@type":"BreadcrumbList","@id":"https:\/\/www.renfic.com\/de\/maerkte\/#breadcrumb","itemListElement":[{"@type":"ListItem","position":1,"name":"Home","item":"https:\/\/www.renfic.com\/de\/"},{"@type":"ListItem","position":2,"name":"M\u00e4rkte"}]},{"@type":"WebSite","@id":"https:\/\/www.renfic.com\/#website","url":"https:\/\/www.renfic.com\/","name":"Renfic - Soluzioni per l'Ambiente - Energie Rinnovabili","description":"","publisher":{"@id":"https:\/\/www.renfic.com\/#organization"},"potentialAction":[{"@type":"SearchAction","target":{"@type":"EntryPoint","urlTemplate":"https:\/\/www.renfic.com\/?s={search_term_string}"},"query-input":{"@type":"PropertyValueSpecification","valueRequired":true,"valueName":"search_term_string"}}],"inLanguage":"de"},{"@type":"Organization","@id":"https:\/\/www.renfic.com\/#organization","name":"Renfic - Soluzioni per l'Ambiente - Energie Rinnovabili","url":"https:\/\/www.renfic.com\/","logo":{"@type":"ImageObject","inLanguage":"de","@id":"https:\/\/www.renfic.com\/#\/schema\/logo\/image\/","url":"https:\/\/www.renfic.com\/wp-content\/uploads\/2023\/07\/renfic-logo.png","contentUrl":"https:\/\/www.renfic.com\/wp-content\/uploads\/2023\/07\/renfic-logo.png","width":326,"height":114,"caption":"Renfic - Soluzioni per l'Ambiente - Energie Rinnovabili"},"image":{"@id":"https:\/\/www.renfic.com\/#\/schema\/logo\/image\/"}}]}},"_links":{"self":[{"href":"https:\/\/www.renfic.com\/de\/wp-json\/wp\/v2\/pages\/1997","targetHints":{"allow":["GET"]}}],"collection":[{"href":"https:\/\/www.renfic.com\/de\/wp-json\/wp\/v2\/pages"}],"about":[{"href":"https:\/\/www.renfic.com\/de\/wp-json\/wp\/v2\/types\/page"}],"author":[{"embeddable":true,"href":"https:\/\/www.renfic.com\/de\/wp-json\/wp\/v2\/users\/1"}],"replies":[{"embeddable":true,"href":"https:\/\/www.renfic.com\/de\/wp-json\/wp\/v2\/comments?post=1997"}],"version-history":[{"count":8,"href":"https:\/\/www.renfic.com\/de\/wp-json\/wp\/v2\/pages\/1997\/revisions"}],"predecessor-version":[{"id":2262,"href":"https:\/\/www.renfic.com\/de\/wp-json\/wp\/v2\/pages\/1997\/revisions\/2262"}],"wp:attachment":[{"href":"https:\/\/www.renfic.com\/de\/wp-json\/wp\/v2\/media?parent=1997"}],"curies":[{"name":"wp","href":"https:\/\/api.w.org\/{rel}","templated":true}]}}