{"id":2073,"date":"2023-09-18T13:17:44","date_gmt":"2023-09-18T11:17:44","guid":{"rendered":"https:\/\/www.renfic.com\/tecnologie\/"},"modified":"2024-09-20T18:16:46","modified_gmt":"2024-09-20T16:16:46","slug":"technologien","status":"publish","type":"page","link":"https:\/\/www.renfic.com\/de\/technologien\/","title":{"rendered":"Technologien"},"content":{"rendered":"\t\t<div data-elementor-type=\"wp-page\" data-elementor-id=\"2073\" class=\"elementor elementor-2073 elementor-1812\">\n\t\t\t\t\t\t<section class=\"elementor-section elementor-top-section elementor-element elementor-element-7f0302b0 cspt-bg-color-yes cspt-elementor-bg-color-white cspt-col-stretched-none cspt-bg-color-over-image elementor-section-boxed elementor-section-height-default elementor-section-height-default\" data-id=\"7f0302b0\" data-element_type=\"section\" data-e-type=\"section\">\n\t\t\t\t\t\t<div class=\"elementor-container elementor-column-gap-no\">\n\t\t\t\t\t<div class=\"elementor-column elementor-col-100 elementor-top-column elementor-element elementor-element-161808d8 cspt-bg-color-over-image\" data-id=\"161808d8\" data-element_type=\"column\" data-e-type=\"column\">\n\t\t\t<div class=\"elementor-widget-wrap elementor-element-populated\">\n\t\t\t\t\t\t<div class=\"elementor-element elementor-element-5d81ec8 cspt-align-center elementor-widget elementor-widget-cspt_heading\" data-id=\"5d81ec8\" data-element_type=\"widget\" data-e-type=\"widget\" data-widget_type=\"cspt_heading.default\">\n\t\t\t\t<div class=\"elementor-widget-container\">\n\t\t\t\t\t\t<div class=\"cspt-heading-subheading center-align cspt-reverse-heading-yes\"><div class=\"cspt-heading-desc\">Dank der in diesem Bereich gesammelten Erfahrungen und Kenntnisse ist Renfic in der Lage, einen engagierten Service f\u00fcr jede Phase der Projektentwicklung anzubieten - von der Suche und Bewertung von Grundst\u00fccken bis hin zur Finanzierung, Strukturierung und Errichtung der Anlage.<\/div><\/div>\t\t\t\t<\/div>\n\t\t\t\t<\/div>\n\t\t\t\t\t<\/div>\n\t\t<\/div>\n\t\t\t\t\t<\/div>\n\t\t<\/section>\n\t\t\t\t<section class=\"elementor-section elementor-top-section elementor-element elementor-element-e4af4d9 cspt-col-stretched-none cspt-bg-color-over-image elementor-section-boxed elementor-section-height-default elementor-section-height-default\" data-id=\"e4af4d9\" data-element_type=\"section\" data-e-type=\"section\">\n\t\t\t\t\t\t<div class=\"elementor-container elementor-column-gap-default\">\n\t\t\t\t\t<div class=\"elementor-column elementor-col-100 elementor-top-column elementor-element elementor-element-1cd6977 cspt-bg-color-over-image\" data-id=\"1cd6977\" data-element_type=\"column\" data-e-type=\"column\">\n\t\t\t<div class=\"elementor-widget-wrap elementor-element-populated\">\n\t\t\t\t\t\t<div class=\"elementor-element elementor-element-e63dd67 cspt-heading-style-1 nostri_impianti elementor-widget elementor-widget-cspt_service_element\" data-id=\"e63dd67\" data-element_type=\"widget\" data-e-type=\"widget\" data-widget_type=\"cspt_service_element.default\">\n\t\t\t\t<div class=\"elementor-widget-container\">\n\t\t\t\t\t\r\n\t\t<div class=\"creativesplanet-element creativesplanet-element-service cspt-element-service-style-2 creativesplanet-element-viewtype-row-column creativesplanet-gap-30px\" data-show=\"4\" data-columns=\"2\" data-loop=\"false\" data-autoplay=\"false\" data-center=\"false\" data-nav=\"false\" data-dots=\"false\" data-autoplayspeed=\"1000\" data-margin=\"30px\"><div class=\"creativesplanet-element-inner\">\r\n\t\t\r\n\t\t\t<div class=\"cspt-ele-header-area\">\r\n\t\t\t\t\t<div class=\"cspt-heading-subheading center-align cspt-reverse-heading-yes\"><\/div>\r\n\t\t\t\t\r\n\t\t\t<\/div>\r\n\r\n\t\t\t<div class=\"cspt-element-posts-wrapper row multi-columns-row\">\r\n\r\n\t\t\t<div class=\"cspt-ele cspt-service-ele col-md-6 dienstleistungen\"><article class=\"creativesplanet-ele creativesplanet-ele-service cspt-service-style-2\">\r\n\t<div class=\"creativesplanet-post-item\">\r\n\t\t<div class=\"cspt-featured-wrapper\"><a href=\"https:\/\/www.renfic.com\/de\/servizio\/gruener-wasserstoff\/\"><img fetchpriority=\"high\" decoding=\"async\" width=\"770\" height=\"500\" src=\"https:\/\/www.renfic.com\/wp-content\/uploads\/2023\/07\/idrogeno-verde-770x500.jpeg\" class=\"attachment-cspt-img-770x500 size-cspt-img-770x500 wp-post-image\" alt=\"\" data-id=\"2048\" \/><\/a><\/div>\t\t<div class=\"creativesplanet-box-content\">\r\n            \t<div class=\"creativesplanet-box-content-inner d-flex align-items-center\">\t\r\n\t\t\t\t<div class=\"cspt-service-wrap\"> \r\n\t\t\t\t\t<div class=\"cspt-service-category\">\t\t<span class=\"cspt-service-cat\"><a href=\"https:\/\/www.renfic.com\/de\/service-category\/dienstleistungen\/\" rel=\"tag\">Dienstleistungen<\/a><\/span>\r\n\t\t<\/div>\r\n\t                \t\t<h3 class=\"cspt-service-title\"><a href=\"https:\/\/www.renfic.com\/de\/servizio\/gruener-wasserstoff\/\">Gr\u00fcner Wasserstoff<\/a><\/h3>\r\n\t                \t<\/div> \r\n\t\t\t\t<div class=\"cspt-service-icon ml-auto\">\r\n\t\t\t\t\t<div class=\"cspt-service-icon-wrapper\">\r\n\t\t\t\t\t\t<img decoding=\"async\" src=\"https:\/\/www.renfic.com\/wp-content\/uploads\/2023\/07\/idrogeno-verde.svg\" \/>\t\t\t\t\t<\/div>\r\n\t\t\t\t<\/div>\t\t\t\t      \r\n            \t<\/div>\r\n\t\t<\/div>\r\n\t<\/div>\r\n<\/article><\/div><div class=\"cspt-ele cspt-service-ele col-md-6 dienstleistungen\"><article class=\"creativesplanet-ele creativesplanet-ele-service cspt-service-style-2\">\r\n\t<div class=\"creativesplanet-post-item\">\r\n\t\t<div class=\"cspt-featured-wrapper\"><a href=\"https:\/\/www.renfic.com\/de\/servizio\/photovoltaik\/\"><img decoding=\"async\" width=\"770\" height=\"500\" src=\"https:\/\/www.renfic.com\/wp-content\/uploads\/2023\/07\/gallery-10-770x500.jpeg\" class=\"attachment-cspt-img-770x500 size-cspt-img-770x500 wp-post-image\" alt=\"\" data-id=\"2013\" \/><\/a><\/div>\t\t<div class=\"creativesplanet-box-content\">\r\n            \t<div class=\"creativesplanet-box-content-inner d-flex align-items-center\">\t\r\n\t\t\t\t<div class=\"cspt-service-wrap\"> \r\n\t\t\t\t\t<div class=\"cspt-service-category\">\t\t<span class=\"cspt-service-cat\"><a href=\"https:\/\/www.renfic.com\/de\/service-category\/dienstleistungen\/\" rel=\"tag\">Dienstleistungen<\/a><\/span>\r\n\t\t<\/div>\r\n\t                \t\t<h3 class=\"cspt-service-title\"><a href=\"https:\/\/www.renfic.com\/de\/servizio\/photovoltaik\/\">Photovoltaik<\/a><\/h3>\r\n\t                \t<\/div> \r\n\t\t\t\t<div class=\"cspt-service-icon ml-auto\">\r\n\t\t\t\t\t<div class=\"cspt-service-icon-wrapper\">\r\n\t\t\t\t\t\t<img decoding=\"async\" src=\"https:\/\/www.renfic.com\/wp-content\/uploads\/2023\/07\/fotovoltaico.svg\" \/>\t\t\t\t\t<\/div>\r\n\t\t\t\t<\/div>\t\t\t\t      \r\n            \t<\/div>\r\n\t\t<\/div>\r\n\t<\/div>\r\n<\/article><\/div><div class=\"cspt-ele cspt-service-ele col-md-6 dienstleistungen\"><article class=\"creativesplanet-ele creativesplanet-ele-service cspt-service-style-2\">\r\n\t<div class=\"creativesplanet-post-item\">\r\n\t\t<div class=\"cspt-featured-wrapper\"><a href=\"https:\/\/www.renfic.com\/de\/servizio\/wind\/\"><img decoding=\"async\" width=\"770\" height=\"500\" src=\"https:\/\/www.renfic.com\/wp-content\/uploads\/2023\/07\/eolico-770x500.jpeg\" class=\"attachment-cspt-img-770x500 size-cspt-img-770x500 wp-post-image\" alt=\"\" data-id=\"2039\" \/><\/a><\/div>\t\t<div class=\"creativesplanet-box-content\">\r\n            \t<div class=\"creativesplanet-box-content-inner d-flex align-items-center\">\t\r\n\t\t\t\t<div class=\"cspt-service-wrap\"> \r\n\t\t\t\t\t<div class=\"cspt-service-category\">\t\t<span class=\"cspt-service-cat\"><a href=\"https:\/\/www.renfic.com\/de\/service-category\/dienstleistungen\/\" rel=\"tag\">Dienstleistungen<\/a><\/span>\r\n\t\t<\/div>\r\n\t                \t\t<h3 class=\"cspt-service-title\"><a href=\"https:\/\/www.renfic.com\/de\/servizio\/wind\/\">Wind<\/a><\/h3>\r\n\t                \t<\/div> \r\n\t\t\t\t<div class=\"cspt-service-icon ml-auto\">\r\n\t\t\t\t\t<div class=\"cspt-service-icon-wrapper\">\r\n\t\t\t\t\t\t<img decoding=\"async\" src=\"https:\/\/www.renfic.com\/wp-content\/uploads\/2023\/07\/eolico.svg\" \/>\t\t\t\t\t<\/div>\r\n\t\t\t\t<\/div>\t\t\t\t      \r\n            \t<\/div>\r\n\t\t<\/div>\r\n\t<\/div>\r\n<\/article><\/div><div class=\"cspt-ele cspt-service-ele col-md-6 dienstleistungen\"><article class=\"creativesplanet-ele creativesplanet-ele-service cspt-service-style-2\">\r\n\t<div class=\"creativesplanet-post-item\">\r\n\t\t<div class=\"cspt-featured-wrapper\"><a href=\"https:\/\/www.renfic.com\/de\/servizio\/agri-pv\/\"><img loading=\"lazy\" decoding=\"async\" width=\"770\" height=\"500\" src=\"https:\/\/www.renfic.com\/wp-content\/uploads\/2018\/12\/agrivoltaico-770x500.jpeg\" class=\"attachment-cspt-img-770x500 size-cspt-img-770x500 wp-post-image\" alt=\"\" data-id=\"2025\" \/><\/a><\/div>\t\t<div class=\"creativesplanet-box-content\">\r\n            \t<div class=\"creativesplanet-box-content-inner d-flex align-items-center\">\t\r\n\t\t\t\t<div class=\"cspt-service-wrap\"> \r\n\t\t\t\t\t<div class=\"cspt-service-category\">\t\t<span class=\"cspt-service-cat\"><a href=\"https:\/\/www.renfic.com\/de\/service-category\/dienstleistungen\/\" rel=\"tag\">Dienstleistungen<\/a><\/span>\r\n\t\t<\/div>\r\n\t                \t\t<h3 class=\"cspt-service-title\"><a href=\"https:\/\/www.renfic.com\/de\/servizio\/agri-pv\/\">Agri-PV<\/a><\/h3>\r\n\t                \t<\/div> \r\n\t\t\t\t<div class=\"cspt-service-icon ml-auto\">\r\n\t\t\t\t\t<div class=\"cspt-service-icon-wrapper\">\r\n\t\t\t\t\t\t<img decoding=\"async\" src=\"https:\/\/www.renfic.com\/wp-content\/uploads\/2018\/12\/agrivoltaico-1.svg\" \/>\t\t\t\t\t<\/div>\r\n\t\t\t\t<\/div>\t\t\t\t      \r\n            \t<\/div>\r\n\t\t<\/div>\r\n\t<\/div>\r\n<\/article><\/div>\r\n\t\t\t<\/div>\r\n\r\n\t\t\t\r\n\t\t\r\n\t\t<\/div><!-- .creativesplanet-element-inner -->   <\/div><!-- .creativesplanet-element -->  \r\n\t    \t\t\t\t<\/div>\n\t\t\t\t<\/div>\n\t\t\t\t\t<\/div>\n\t\t<\/div>\n\t\t\t\t\t<\/div>\n\t\t<\/section>\n\t\t\t\t<section class=\"elementor-section elementor-top-section elementor-element elementor-element-0432660 cspt-bg-color-yes cspt-elementor-bg-color-globalcolor cspt-text-color-white elementor-section-stretched elementor-section-content-middle cspt-col-stretched-none cspt-bg-color-over-image elementor-section-boxed elementor-section-height-default elementor-section-height-default\" data-id=\"0432660\" data-element_type=\"section\" data-e-type=\"section\" data-settings=\"{&quot;stretch_section&quot;:&quot;section-stretched&quot;}\">\n\t\t\t\t\t\t<div class=\"elementor-container elementor-column-gap-default\">\n\t\t\t\t\t<div class=\"elementor-column elementor-col-66 elementor-top-column elementor-element elementor-element-758a0c7 cspt-bg-color-over-image\" data-id=\"758a0c7\" data-element_type=\"column\" data-e-type=\"column\">\n\t\t\t<div class=\"elementor-widget-wrap elementor-element-populated\">\n\t\t\t\t\t\t<div class=\"elementor-element elementor-element-7091704 elementor-widget elementor-widget-heading\" data-id=\"7091704\" data-element_type=\"widget\" data-e-type=\"widget\" data-widget_type=\"heading.default\">\n\t\t\t\t<div class=\"elementor-widget-container\">\n\t\t\t\t\t<h2 class=\"elementor-heading-title elementor-size-default\">F\u00fcr mehr Informationen<\/h2>\t\t\t\t<\/div>\n\t\t\t\t<\/div>\n\t\t\t\t<div class=\"elementor-element elementor-element-c102614 elementor-widget elementor-widget-text-editor\" data-id=\"c102614\" data-element_type=\"widget\" data-e-type=\"widget\" data-widget_type=\"text-editor.default\">\n\t\t\t\t<div class=\"elementor-widget-container\">\n\t\t\t\t\t\t\t\t\t<p>nehmen Sie bitte Kontakt mit uns auf <br \/>Wir werden uns schnellstm\u00f6glich bei Ihnen melden<\/p>\t\t\t\t\t\t\t\t<\/div>\n\t\t\t\t<\/div>\n\t\t\t\t\t<\/div>\n\t\t<\/div>\n\t\t\t\t<div class=\"elementor-column elementor-col-33 elementor-top-column elementor-element elementor-element-28382a0 cspt-bg-color-over-image\" data-id=\"28382a0\" data-element_type=\"column\" data-e-type=\"column\">\n\t\t\t<div class=\"elementor-widget-wrap elementor-element-populated\">\n\t\t\t\t\t\t<div class=\"elementor-element elementor-element-c422650 cspt-btn-color-white cspt-btn-style-outline cspt-btn-shape-round elementor-align-right elementor-mobile-align-center elementor-widget elementor-widget-button\" data-id=\"c422650\" data-element_type=\"widget\" data-e-type=\"widget\" data-widget_type=\"button.default\">\n\t\t\t\t<div class=\"elementor-widget-container\">\n\t\t\t\t\t\t\t\t\t<div class=\"elementor-button-wrapper\">\n\t\t\t\t\t<a class=\"elementor-button elementor-button-link elementor-size-md\" href=\"https:\/\/www.renfic.com\/de\/kontakt\/\">\n\t\t\t\t\t\t<span class=\"elementor-button-content-wrapper\">\n\t\t\t\t\t\t\t\t\t<span class=\"elementor-button-text\">Sprechen Sie uns an<\/span>\n\t\t\t\t\t<\/span>\n\t\t\t\t\t<\/a>\n\t\t\t\t<\/div>\n\t\t\t\t\t\t\t\t<\/div>\n\t\t\t\t<\/div>\n\t\t\t\t\t<\/div>\n\t\t<\/div>\n\t\t\t\t\t<\/div>\n\t\t<\/section>\n\t\t\t\t<\/div>\n\t\t","protected":false},"excerpt":{"rendered":"<p>Dank der in diesem Bereich gesammelten Erfahrungen und Kenntnisse ist Renfic in der Lage, einen engagierten Service f\u00fcr jede Phase der Projektentwicklung anzubieten &#8211; von der Suche und Bewertung von Grundst\u00fccken bis hin zur Finanzierung, Strukturierung und Errichtung der Anlage. Servizi Gr\u00fcner Wasserstoff Servizi Photovoltaik Servizi Wind Servizi Agri-PV F\u00fcr mehr Informationen nehmen Sie bitte Kontakt mit uns auf Wir werden uns schnellstm\u00f6glich bei Ihnen melden Sprechen Sie uns an<\/p>\n","protected":false},"author":1,"featured_media":0,"parent":0,"menu_order":10,"comment_status":"closed","ping_status":"closed","template":"","meta":{"_acf_changed":false,"footnotes":""},"class_list":["post-2073","page","type-page","status-publish","hentry"],"acf":[],"yoast_head":"<!-- This site is optimized with the Yoast SEO plugin v27.3 - https:\/\/yoast.com\/product\/yoast-seo-wordpress\/ -->\n<title>Photovoltaik-, Agrivoltaik-, Wind- und Wasserstoffanlagen - Renfic<\/title>\n<meta name=\"description\" content=\"Renfic errichtet weltweit Photovoltaik-, Agrivoltaik-, Wind- und Wasserstoffanlagen f\u00fcr eine immer gr\u00fcnere Gegenwart und Zukunft.\" \/>\n<meta name=\"robots\" content=\"index, follow, max-snippet:-1, max-image-preview:large, max-video-preview:-1\" \/>\n<link rel=\"canonical\" href=\"https:\/\/www.renfic.com\/de\/technologien\/\" \/>\n<meta property=\"og:locale\" content=\"de_DE\" \/>\n<meta property=\"og:type\" content=\"article\" \/>\n<meta property=\"og:title\" content=\"Photovoltaik-, Agrivoltaik-, Wind- und Wasserstoffanlagen - Renfic\" \/>\n<meta property=\"og:description\" content=\"Renfic errichtet weltweit Photovoltaik-, Agrivoltaik-, Wind- und Wasserstoffanlagen f\u00fcr eine immer gr\u00fcnere Gegenwart und Zukunft.\" \/>\n<meta property=\"og:url\" content=\"https:\/\/www.renfic.com\/de\/technologien\/\" \/>\n<meta property=\"og:site_name\" content=\"Renfic\" \/>\n<meta property=\"article:modified_time\" content=\"2024-09-20T16:16:46+00:00\" \/>\n<meta property=\"og:image\" content=\"https:\/\/www.renfic.com\/wp-content\/uploads\/2023\/07\/idrogeno-verde-770x500.jpeg\" \/>\n<meta name=\"twitter:card\" content=\"summary_large_image\" \/>\n<script type=\"application\/ld+json\" class=\"yoast-schema-graph\">{\"@context\":\"https:\\\/\\\/schema.org\",\"@graph\":[{\"@type\":\"WebPage\",\"@id\":\"https:\\\/\\\/www.renfic.com\\\/de\\\/technologien\\\/\",\"url\":\"https:\\\/\\\/www.renfic.com\\\/de\\\/technologien\\\/\",\"name\":\"Photovoltaik-, Agrivoltaik-, Wind- und Wasserstoffanlagen - Renfic\",\"isPartOf\":{\"@id\":\"https:\\\/\\\/www.renfic.com\\\/#website\"},\"primaryImageOfPage\":{\"@id\":\"https:\\\/\\\/www.renfic.com\\\/de\\\/technologien\\\/#primaryimage\"},\"image\":{\"@id\":\"https:\\\/\\\/www.renfic.com\\\/de\\\/technologien\\\/#primaryimage\"},\"thumbnailUrl\":\"https:\\\/\\\/www.renfic.com\\\/wp-content\\\/uploads\\\/2023\\\/07\\\/idrogeno-verde-770x500.jpeg\",\"datePublished\":\"2023-09-18T11:17:44+00:00\",\"dateModified\":\"2024-09-20T16:16:46+00:00\",\"description\":\"Renfic errichtet weltweit Photovoltaik-, Agrivoltaik-, Wind- und Wasserstoffanlagen f\u00fcr eine immer gr\u00fcnere Gegenwart und Zukunft.\",\"breadcrumb\":{\"@id\":\"https:\\\/\\\/www.renfic.com\\\/de\\\/technologien\\\/#breadcrumb\"},\"inLanguage\":\"de\",\"potentialAction\":[{\"@type\":\"ReadAction\",\"target\":[\"https:\\\/\\\/www.renfic.com\\\/de\\\/technologien\\\/\"]}]},{\"@type\":\"ImageObject\",\"inLanguage\":\"de\",\"@id\":\"https:\\\/\\\/www.renfic.com\\\/de\\\/technologien\\\/#primaryimage\",\"url\":\"https:\\\/\\\/www.renfic.com\\\/wp-content\\\/uploads\\\/2023\\\/07\\\/idrogeno-verde-770x500.jpeg\",\"contentUrl\":\"https:\\\/\\\/www.renfic.com\\\/wp-content\\\/uploads\\\/2023\\\/07\\\/idrogeno-verde-770x500.jpeg\"},{\"@type\":\"BreadcrumbList\",\"@id\":\"https:\\\/\\\/www.renfic.com\\\/de\\\/technologien\\\/#breadcrumb\",\"itemListElement\":[{\"@type\":\"ListItem\",\"position\":1,\"name\":\"Home\",\"item\":\"https:\\\/\\\/www.renfic.com\\\/de\\\/\"},{\"@type\":\"ListItem\",\"position\":2,\"name\":\"Technologien\"}]},{\"@type\":\"WebSite\",\"@id\":\"https:\\\/\\\/www.renfic.com\\\/#website\",\"url\":\"https:\\\/\\\/www.renfic.com\\\/\",\"name\":\"Renfic - Soluzioni per l'Ambiente - Energie Rinnovabili\",\"description\":\"\",\"publisher\":{\"@id\":\"https:\\\/\\\/www.renfic.com\\\/#organization\"},\"potentialAction\":[{\"@type\":\"SearchAction\",\"target\":{\"@type\":\"EntryPoint\",\"urlTemplate\":\"https:\\\/\\\/www.renfic.com\\\/?s={search_term_string}\"},\"query-input\":{\"@type\":\"PropertyValueSpecification\",\"valueRequired\":true,\"valueName\":\"search_term_string\"}}],\"inLanguage\":\"de\"},{\"@type\":\"Organization\",\"@id\":\"https:\\\/\\\/www.renfic.com\\\/#organization\",\"name\":\"Renfic - Soluzioni per l'Ambiente - Energie Rinnovabili\",\"url\":\"https:\\\/\\\/www.renfic.com\\\/\",\"logo\":{\"@type\":\"ImageObject\",\"inLanguage\":\"de\",\"@id\":\"https:\\\/\\\/www.renfic.com\\\/#\\\/schema\\\/logo\\\/image\\\/\",\"url\":\"https:\\\/\\\/www.renfic.com\\\/wp-content\\\/uploads\\\/2023\\\/07\\\/renfic-logo.png\",\"contentUrl\":\"https:\\\/\\\/www.renfic.com\\\/wp-content\\\/uploads\\\/2023\\\/07\\\/renfic-logo.png\",\"width\":326,\"height\":114,\"caption\":\"Renfic - Soluzioni per l'Ambiente - Energie Rinnovabili\"},\"image\":{\"@id\":\"https:\\\/\\\/www.renfic.com\\\/#\\\/schema\\\/logo\\\/image\\\/\"}}]}<\/script>\n<!-- \/ Yoast SEO plugin. -->","yoast_head_json":{"title":"Photovoltaik-, Agrivoltaik-, Wind- und Wasserstoffanlagen - Renfic","description":"Renfic errichtet weltweit Photovoltaik-, Agrivoltaik-, Wind- und Wasserstoffanlagen f\u00fcr eine immer gr\u00fcnere Gegenwart und Zukunft.","robots":{"index":"index","follow":"follow","max-snippet":"max-snippet:-1","max-image-preview":"max-image-preview:large","max-video-preview":"max-video-preview:-1"},"canonical":"https:\/\/www.renfic.com\/de\/technologien\/","og_locale":"de_DE","og_type":"article","og_title":"Photovoltaik-, Agrivoltaik-, Wind- und Wasserstoffanlagen - Renfic","og_description":"Renfic errichtet weltweit Photovoltaik-, Agrivoltaik-, Wind- und Wasserstoffanlagen f\u00fcr eine immer gr\u00fcnere Gegenwart und Zukunft.","og_url":"https:\/\/www.renfic.com\/de\/technologien\/","og_site_name":"Renfic","article_modified_time":"2024-09-20T16:16:46+00:00","og_image":[{"url":"https:\/\/www.renfic.com\/wp-content\/uploads\/2023\/07\/idrogeno-verde-770x500.jpeg","type":"","width":"","height":""}],"twitter_card":"summary_large_image","schema":{"@context":"https:\/\/schema.org","@graph":[{"@type":"WebPage","@id":"https:\/\/www.renfic.com\/de\/technologien\/","url":"https:\/\/www.renfic.com\/de\/technologien\/","name":"Photovoltaik-, Agrivoltaik-, Wind- und Wasserstoffanlagen - Renfic","isPartOf":{"@id":"https:\/\/www.renfic.com\/#website"},"primaryImageOfPage":{"@id":"https:\/\/www.renfic.com\/de\/technologien\/#primaryimage"},"image":{"@id":"https:\/\/www.renfic.com\/de\/technologien\/#primaryimage"},"thumbnailUrl":"https:\/\/www.renfic.com\/wp-content\/uploads\/2023\/07\/idrogeno-verde-770x500.jpeg","datePublished":"2023-09-18T11:17:44+00:00","dateModified":"2024-09-20T16:16:46+00:00","description":"Renfic errichtet weltweit Photovoltaik-, Agrivoltaik-, Wind- und Wasserstoffanlagen f\u00fcr eine immer gr\u00fcnere Gegenwart und Zukunft.","breadcrumb":{"@id":"https:\/\/www.renfic.com\/de\/technologien\/#breadcrumb"},"inLanguage":"de","potentialAction":[{"@type":"ReadAction","target":["https:\/\/www.renfic.com\/de\/technologien\/"]}]},{"@type":"ImageObject","inLanguage":"de","@id":"https:\/\/www.renfic.com\/de\/technologien\/#primaryimage","url":"https:\/\/www.renfic.com\/wp-content\/uploads\/2023\/07\/idrogeno-verde-770x500.jpeg","contentUrl":"https:\/\/www.renfic.com\/wp-content\/uploads\/2023\/07\/idrogeno-verde-770x500.jpeg"},{"@type":"BreadcrumbList","@id":"https:\/\/www.renfic.com\/de\/technologien\/#breadcrumb","itemListElement":[{"@type":"ListItem","position":1,"name":"Home","item":"https:\/\/www.renfic.com\/de\/"},{"@type":"ListItem","position":2,"name":"Technologien"}]},{"@type":"WebSite","@id":"https:\/\/www.renfic.com\/#website","url":"https:\/\/www.renfic.com\/","name":"Renfic - Soluzioni per l'Ambiente - Energie Rinnovabili","description":"","publisher":{"@id":"https:\/\/www.renfic.com\/#organization"},"potentialAction":[{"@type":"SearchAction","target":{"@type":"EntryPoint","urlTemplate":"https:\/\/www.renfic.com\/?s={search_term_string}"},"query-input":{"@type":"PropertyValueSpecification","valueRequired":true,"valueName":"search_term_string"}}],"inLanguage":"de"},{"@type":"Organization","@id":"https:\/\/www.renfic.com\/#organization","name":"Renfic - Soluzioni per l'Ambiente - Energie Rinnovabili","url":"https:\/\/www.renfic.com\/","logo":{"@type":"ImageObject","inLanguage":"de","@id":"https:\/\/www.renfic.com\/#\/schema\/logo\/image\/","url":"https:\/\/www.renfic.com\/wp-content\/uploads\/2023\/07\/renfic-logo.png","contentUrl":"https:\/\/www.renfic.com\/wp-content\/uploads\/2023\/07\/renfic-logo.png","width":326,"height":114,"caption":"Renfic - Soluzioni per l'Ambiente - Energie Rinnovabili"},"image":{"@id":"https:\/\/www.renfic.com\/#\/schema\/logo\/image\/"}}]}},"_links":{"self":[{"href":"https:\/\/www.renfic.com\/de\/wp-json\/wp\/v2\/pages\/2073","targetHints":{"allow":["GET"]}}],"collection":[{"href":"https:\/\/www.renfic.com\/de\/wp-json\/wp\/v2\/pages"}],"about":[{"href":"https:\/\/www.renfic.com\/de\/wp-json\/wp\/v2\/types\/page"}],"author":[{"embeddable":true,"href":"https:\/\/www.renfic.com\/de\/wp-json\/wp\/v2\/users\/1"}],"replies":[{"embeddable":true,"href":"https:\/\/www.renfic.com\/de\/wp-json\/wp\/v2\/comments?post=2073"}],"version-history":[{"count":9,"href":"https:\/\/www.renfic.com\/de\/wp-json\/wp\/v2\/pages\/2073\/revisions"}],"predecessor-version":[{"id":2155,"href":"https:\/\/www.renfic.com\/de\/wp-json\/wp\/v2\/pages\/2073\/revisions\/2155"}],"wp:attachment":[{"href":"https:\/\/www.renfic.com\/de\/wp-json\/wp\/v2\/media?parent=2073"}],"curies":[{"name":"wp","href":"https:\/\/api.w.org\/{rel}","templated":true}]}}